{"id":5,"date":"2015-01-03T12:48:26","date_gmt":"2015-01-03T12:48:26","guid":{"rendered":"http:\/\/wp.chamaeleon-theater-kaarst.de\/?page_id=5"},"modified":"2018-01-18T17:38:37","modified_gmt":"2018-01-18T17:38:37","slug":"ueber-uns","status":"publish","type":"page","link":"https:\/\/chamaeleon-theater-kaarst.de\/?page_id=5","title":{"rendered":"\u00dcber uns"},"content":{"rendered":"<div id=\"pl-5\"  class=\"panel-layout\" ><div id=\"pg-5-0\"  class=\"panel-grid panel-no-style\" ><div id=\"pgc-5-0-0\"  class=\"panel-grid-cell\" ><div id=\"panel-5-0-0-0\" class=\"so-panel widget widget_headline-widget panel-first-child panel-last-child\" data-index=\"0\" >\t\t<h1>\u00dcber uns<\/h1>\n\t\t<div class=\"decoration\"><div class=\"decoration-inside\"><\/div><\/div>\n\t\t<h3>Hier gibt es alle Informationen \u00fcber die Organisation und Arbeit in und um den Verein herum.<\/h3>\n\t\t<\/div><\/div><\/div><div id=\"pg-5-1\"  class=\"panel-grid panel-no-style\" ><div id=\"pgc-5-1-0\"  class=\"panel-grid-cell\" ><div id=\"panel-5-1-0-0\" class=\"so-panel widget widget_black-studio-tinymce widget_black_studio_tinymce panel-first-child\" data-index=\"1\" ><div class=\"panel-widget-style panel-widget-style-for-5-1-0-0\" ><h3 class=\"widget-title\">Entstehung<\/h3><div class=\"textwidget\"><p style=\"text-align: justify;\">1998 wurde an unserer Pfarre St. Martinus, Kaarst eine Theatergruppe von Christa Gerigk-Jauernik ins Leben gerufen und geleitet. Einmal im Jahr konnten sich theaterbegeisterte Kinder und Jugendliche im Alter ab ungef\u00e4hr 11 Jahren anmelden. Die Gruppe bestand aus bis zu 15 jugendlichen Schauspielern plus einigen Erwachsenen. Soviel zur Vorgeschichte.<\/p>\n<\/div><\/div><\/div><div id=\"panel-5-1-0-1\" class=\"so-panel widget widget_black-studio-tinymce widget_black_studio_tinymce\" data-index=\"2\" ><div class=\"panel-widget-style panel-widget-style-for-5-1-0-1\" ><h3 class=\"widget-title\">Vereinsgr\u00fcndung<\/h3><div class=\"textwidget\"><p style=\"text-align: justify;\">Aufgrund von organisatorischen Ver\u00e4nderungen im Jahr 2001 kam es dann zur Vereinsgr\u00fcndung.Zur Zeit haben wir 30 Vereinsmitglieder. Dazu kommen j\u00e4hrlich auf die Projektarbeit befristet 15 Jugendliche und ca. 5 Erwachsene als Schauspieler. Somit sind \u00fcber das Jahr verteilt ca. 40 bis 50 Personen an der Arbeit des Vereins beteiligt. Alle Beteiligten arbeiten selbstverst\u00e4ndlich ehrenamtlich.<\/p>\n<\/div><\/div><\/div><div id=\"panel-5-1-0-2\" class=\"so-panel widget widget_black-studio-tinymce widget_black_studio_tinymce\" data-index=\"3\" ><div class=\"panel-widget-style panel-widget-style-for-5-1-0-2\" ><h3 class=\"widget-title\">Theaterspezifische Ausbildung<\/h3><div class=\"textwidget\"><p style=\"text-align: justify;\">Au\u00dfer den Szenenproben bestehen die Proben auch aus Entspannungs\u00fcbungen, Bewegen zur Musik, Rollenspiel, Sprechtechnik, \u00dcbungen zur K\u00f6rpersprache und vieles andere mehr, was man zum Theaterspielen braucht. Doch das Wichtigste ist gute Laune, Spa\u00df an der Ver\u00e4nderung, am Ausprobieren von neuen Verhaltensweisen und am Verkleiden und auch Mut zur Maske.<\/p>\n<\/div><\/div><\/div><div id=\"panel-5-1-0-3\" class=\"so-panel widget widget_black-studio-tinymce widget_black_studio_tinymce panel-last-child\" data-index=\"4\" ><div class=\"panel-widget-style panel-widget-style-for-5-1-0-3\" ><h3 class=\"widget-title\">Zielsetzung<\/h3><div class=\"textwidget\"><p style=\"text-align: justify;\">In diesem Zusammenhang m\u00f6chte ich das Thema Jugendschutz ansprechen. Neben vielen M\u00f6glichkeiten der Einflussnahme auf die Entwicklung von jungen Menschen, ist die des Theaterspielens, wie wir es umzusetzen versuchen, nach den bisherigen Erfahrungen eine gute M\u00f6glichkeit, mit ihnen in den Dialog zu treten und sich Zugang zu ihrer Erlebniswelt zu verschaffen. Somit kann man ihr Vertrauen erreichen und mit ihnen gemeinsam gangbare Wege z. B. in Konfliktsituationen finden. Ob bewusst oder unbewusst, die Teilnehmer werden auf jeden Fall durch diese spezielle Arbeit auf verschiedenen Ebenen angesprochen, gefordert und gef\u00f6rdert. Die bisherige Erfahrung zeigt, dass auch sehr verschlossene Kinder sich letztlich \u00f6ffnen und erstaunliche L\u00f6sungsans\u00e4tze finden.<\/p>\n<\/div><\/div><\/div><\/div><div id=\"pgc-5-1-1\"  class=\"panel-grid-cell\" ><div id=\"panel-5-1-1-0\" class=\"so-panel widget widget_black-studio-tinymce widget_black_studio_tinymce panel-first-child\" data-index=\"5\" ><div class=\"panel-widget-style panel-widget-style-for-5-1-1-0\" ><h3 class=\"widget-title\">Finanzierung<\/h3><div class=\"textwidget\"><p style=\"text-align: justify;\">Kosten entstehen bei der Theaterarbeit z. B. durch Anschaffung von Kulissen, Kost\u00fcmen, Schminke, Raummiete, Miete f\u00fcr geliehene Technik und der Verpflichtung von Referenten und Musikern.\u00a0Der Verein finanziert sich durch die Einnahmen der Eintrittsgelder, der Mitgliedsbeitr\u00e4ge und zu einem ebenfalls gro\u00dfen Teil durch Spendengelder. Wir sind in der gl\u00fccklichen Lage keine \u00f6ffentliche F\u00f6rderung in Anspruch nehmen zu m\u00fcssen und hoffen auch weiterhin auf Sponsoren. An dieser Stelle m\u00f6chten wir besonders der Sparkassenstifung Kaarst-B\u00fcttgen danken. Sie haben uns bereits drei Mal mit gro\u00dfz\u00fcgigen Spenden bedacht. Damit haben wir z.B. unsere Beleuchtung und auch die B\u00fchnenerweiterung kaufen k\u00f6nnen. Ganz herzlichen Dank!!<\/p>\n<\/div><\/div><\/div><div id=\"panel-5-1-1-1\" class=\"so-panel widget widget_black-studio-tinymce widget_black_studio_tinymce\" data-index=\"6\" ><div class=\"panel-widget-style panel-widget-style-for-5-1-1-1\" ><h3 class=\"widget-title\">Probenarbeit<\/h3><div class=\"textwidget\"><p style=\"text-align: justify;\">Das Projekt beginnt mit den Proben im Januar und endet mit mit den Auff\u00fchrungen an den beiden Wochenenden vor Palmsonntag. Wir wandern also immer mit dem Osterfest. Zu Beginn findet ein Theaterworkshop-Wochenende statt. Dort lernt sich die Gruppe n\u00e4her kennen. Bei diesem Workshop wird auch das St\u00fcck f\u00fcr das jeweilige Jahr vorgestellt und die Rollen verteilt. Dann hei\u00dft es flei\u00dfig Text lernen und sich auch dar\u00fcber hinaus mit der Rolle anfreunden. Es gibt inzwischen einige ehemalige junge Schauspieler, die bei Vollj\u00e4hrigkeit zu Vereinsmitgliedern werden und wichtige Aufgaben \u00fcbernehmen. Dazu geh\u00f6rt z. B. die Regieassistenz, B\u00fchnentechnik und -aufbauten usw.<\/p>\n<\/div><\/div><\/div><div id=\"panel-5-1-1-2\" class=\"so-panel widget widget_black-studio-tinymce widget_black_studio_tinymce panel-last-child\" data-index=\"7\" ><div class=\"panel-widget-style panel-widget-style-for-5-1-1-2\" ><h3 class=\"widget-title\">Methode<\/h3><div class=\"textwidget\"><p style=\"text-align: justify;\">Die Schauspieler werden mit allen Aspekten des Rollenspiels, der Sprechtechnik, Atemtechnik, Meditation, K\u00f6rpersprache vertraut gemacht, um dann ihre meist selbst ausgew\u00e4hlte Rolle (das geh\u00f6rt zum Prinzip dieser Arbeit), entsprechend mit ihrer Pers\u00f6nlichkeit zu f\u00fcllen. Auf diesem Wege k\u00f6nnen sie ihre F\u00e4higkeiten im Umgang mit sich selbst und anderen erweitern. Besonderen Wert wird auf die Interaktion der Schauspieler gelegt. Sie erfahren z. B. ob ihre Darstellung auf andere die gew\u00fcnschte Wirkung hat.<\/p>\n<p style=\"text-align: justify;\">Dar\u00fcber hinaus ist das Vorf\u00fchren eines Theaterst\u00fccks f\u00fcr die Schauspieler immer auch eine Mutprobe. Unser Bem\u00fchen geht dahin, alle Beteiligten f\u00fcr dieses Ereignis \u201efit zu machen\u201c. Das hei\u00dft, ihnen Wege zu zeigen ihre Rolle in ihrer eigenen Person zu entdecken, diese dann ins Spiel umzusetzen und mit sehr vielen pers\u00f6nlichen Aspekten zu f\u00fcllen. Wenn diese Voraussetzungen erf\u00fcllt sind, ist es nicht mehr schwer auf der B\u00fchne die entsprechende Rolle zu spielen, denn die erworbene Sicherheit f\u00fchrt zu einer sehr selbstverst\u00e4ndlichen Darstellung.<\/p>\n<\/div><\/div><\/div><\/div><div id=\"pgc-5-1-2\"  class=\"panel-grid-cell\" ><div id=\"panel-5-1-2-0\" class=\"so-panel widget widget_black-studio-tinymce widget_black_studio_tinymce panel-first-child panel-last-child\" data-index=\"8\" ><div class=\"panel-widget-style panel-widget-style-for-5-1-2-0\" ><h3 class=\"widget-title\">P\u00e4dagogische Arbeit<\/h3><div class=\"textwidget\"><p>Inzwischen hat man erkannt, welchen Wert die Theaterarbeit mit Kindern und Jugendlichen hat. Gerade im Hinblick auf Textverst\u00e4ndnis beim Lesen, Disziplin und soziale Kompetenz kann diese Form der Jugendarbeit Enormes leisten. Fast nebenbei werden neue Verhaltensmuster ausprobiert und neue Erfahrungen mit einer ganz besonderen Form der Verantwortung gemacht. Nur in der Gruppe gelingt eine gute Auff\u00fchrung. Diese ist immer das Ziel unserer Proben: beim Publikum eine sch\u00f6ne und unterhaltsame Vorstellung abliefern.\u00a0<\/p>\n<p>Darum sind Gruppen und Vereine wie unserer so wichtig f\u00fcr Jugendliche. Sie k\u00f6nnen hier bereichs\u00fcbergreifend v\u00f6llig neue Erfahrungen sammeln. Nicht die Leistung in einem Schulfach wird benotet, sondern der ganze Mensch mit all seinen F\u00e4higkeiten und auch Schw\u00e4chen wird hier gefordert und gef\u00f6rdert. In den vergangenen 20 Jahren gab es viele, die nach einem gelungene Projekt selbstsicherer auftreten konnten. Melden in der Klasse, laut sprechen, eigene Vorschl\u00e4ge vortragen und vertreten, Referate halten und vieles mehr f\u00e4llt pl\u00f6tzlich leichter. Damit beginnt sich eine Spirale zu drehen. Sie stellen fest, dass sie etwas zu sagen haben und k\u00f6nnen z. B. ihre Noten verbessern.\u00a0<\/p>\n<p>F\u00fcr andere ist es eine neue Erfahrung, sich konsequent in eine Gruppe einzugliedern. Einmal nicht die sprichw\u00f6rtliche erste Geige zu spielen. Einmal f\u00fcr ein gemeinsames Projekt gemeinsame Sache mit anderen machen und Erfolg damit haben. Erkennen, dass auch andere etwas zu sagen haben.<\/p>\n<p>In vielen F\u00e4llen hat die Theaterarbeit auch geholfen einen Ausbildungsplatz zu erhalten. Die Vorstellungsgespr\u00e4che waren erfolgreich und vielfach wurde die Theaterarbeit als solche schon von den Entscheidern positiv bewertet. Bei Abschlusspr\u00fcfungen konnten mit Hilfe der erlernten Techniken bessere Ergebnisse erzielt werden, gerade im praktischen Teil. Daran sieht man, dass das Theaterspielen mit allem was dazu geh\u00f6rt den Schauspielern, egal welchen Alters, ein Vielfaches von dem zur\u00fcck geben kann, was vorher einmal an Zeit und M\u00fche investiert wurde. Wir sind stolz darauf, dass unsere Arbeit hin und wieder auch die Grundlage f\u00fcr eine weitere schauspielerische Laufbahn bildet. Dies ist zwar nicht das vorrangige Ziel des Vereins, aber es zeigt, dass wir mit professionellen Methoden arbeiten und auch so eine Laufbahn m\u00f6glich sein kann.<\/p>\n<p>Ein Aspekt, der besonders dieses Theater auszeichnet, ist die gemeinsame Arbeit verschiedener Generationen. Unser Altersspektrum reicht von 11 Jahren bis zuweilen 65 Jahren. Die Arbeit in der Gruppe wird positiv beeinflusst, weil die verschiedenen Generationen in dem ungewohnten Umfeld ganz anders miteinander umgehen und sich gegenseitig positiv beeinflussen. Die \u00e4lteren Erwachsenen sind auch schon deshalb eine Bereicherung, weil es dadurch m\u00f6glich ist, Erwachsenen-Rollen auf die B\u00fchne zu bringen, ohne dass unsere jugendlichen Schauspieler etwas verk\u00f6rpern m\u00fcssen, was sie noch gar nicht kennen und dann in der Rolle u. U. unfreiwillig zur Parodie werden.<br \/> Alle proben gemeinsam, fiebern gemeinsam der Premiere entgegen und stehen dann gemeinsam auf der B\u00fchne. Nicht zuletzt bekommen sie auch gemeinsam den verdienten Applaus.<\/p>\n<p>Dies und vieles mehr kann Theaterarbeit leisten. In den vergangenen 20 Jahren haben viele jugendliche Schauspieler, inzwischen sind es insgesamt 96, so wichtige Erfahrungen machen k\u00f6nnen. Einige f\u00fcr wenige Projekte, andere sind uns bis heute treu und k\u00f6nnen inzwischen selbst ihre erworbenen F\u00e4higkeiten an J\u00fcngere weitergeben.<\/p>\n<p>Nach der letzten Vorstellung ist das j\u00e4hrliche Projekt beendet. F\u00fcr die st\u00e4ndigen Vereinsmitglieder kommen nun die Nachbereitung des abgespielten St\u00fcckes und die Vorbereitungen auf das n\u00e4chste Projekt.<\/p>\n<\/div><\/div><\/div><\/div><\/div><\/div>","protected":false},"excerpt":{"rendered":"<p>1998 wurde an unserer Pfarre St. Martinus, Kaarst eine Theatergruppe von Christa Gerigk-Jauernik ins Leben gerufen und geleitet. Einmal im Jahr konnten sich theaterbegeisterte Kinder und Jugendliche im Alter ab ungef\u00e4hr 11 Jahren anmelden. Die Gruppe bestand aus bis zu 15 jugendlichen Schauspielern plus einigen Erwachsenen. Soviel zur Vorgeschichte. Aufgrund von organisatorischen Ver\u00e4nderungen im Jahr [&hellip;]<\/p>\n","protected":false},"author":1,"featured_media":0,"parent":0,"menu_order":0,"comment_status":"closed","ping_status":"open","template":"templates\/template-full-notitle.php","meta":{"footnotes":""},"_links":{"self":[{"href":"https:\/\/chamaeleon-theater-kaarst.de\/index.php?rest_route=\/wp\/v2\/pages\/5"}],"collection":[{"href":"https:\/\/chamaeleon-theater-kaarst.de\/index.php?rest_route=\/wp\/v2\/pages"}],"about":[{"href":"https:\/\/chamaeleon-theater-kaarst.de\/index.php?rest_route=\/wp\/v2\/types\/page"}],"author":[{"embeddable":true,"href":"https:\/\/chamaeleon-theater-kaarst.de\/index.php?rest_route=\/wp\/v2\/users\/1"}],"replies":[{"embeddable":true,"href":"https:\/\/chamaeleon-theater-kaarst.de\/index.php?rest_route=%2Fwp%2Fv2%2Fcomments&post=5"}],"version-history":[{"count":20,"href":"https:\/\/chamaeleon-theater-kaarst.de\/index.php?rest_route=\/wp\/v2\/pages\/5\/revisions"}],"predecessor-version":[{"id":1121,"href":"https:\/\/chamaeleon-theater-kaarst.de\/index.php?rest_route=\/wp\/v2\/pages\/5\/revisions\/1121"}],"wp:attachment":[{"href":"https:\/\/chamaeleon-theater-kaarst.de\/index.php?rest_route=%2Fwp%2Fv2%2Fmedia&parent=5"}],"curies":[{"name":"wp","href":"https:\/\/api.w.org\/{rel}","templated":true}]}}