{"id":12,"date":"2015-01-03T12:49:53","date_gmt":"2015-01-03T12:49:53","guid":{"rendered":"http:\/\/wp.chamaeleon-theater-kaarst.de\/?page_id=12"},"modified":"2018-03-12T12:42:17","modified_gmt":"2018-03-12T12:42:17","slug":"gallerie","status":"publish","type":"page","link":"https:\/\/chamaeleon-theater-kaarst.de\/?page_id=12","title":{"rendered":"Galerie"},"content":{"rendered":"<div id=\"pl-12\"  class=\"panel-layout\" ><div id=\"pg-12-0\"  class=\"panel-grid panel-no-style\" ><div id=\"pgc-12-0-0\"  class=\"panel-grid-cell panel-grid-cell-empty\" ><\/div><div id=\"pgc-12-0-1\"  class=\"panel-grid-cell panel-grid-cell-mobile-last\" ><div id=\"panel-12-0-1-0\" class=\"so-panel widget widget_headline-widget panel-first-child panel-last-child\" data-index=\"0\" >\t\t<h1>Unsere Fotogalerien<\/h1>\n\t\t<div class=\"decoration\"><div class=\"decoration-inside\"><\/div><\/div>\n\t\t<h3>Nicht nur auf der B\u00fchne gibt es viele engagierte Menschen, auch hinter bzw. vor ihr befinden sich viele von Ihnen. Eine von Ihnen ist Sabine Piel. Ihr gro\u00dfes Hobby ist die Fotografie. Fast alle hier gezeigten Bilder stammen aus Ihrer Kamera, wurden nachtr\u00e4glich von Ihr bearbeitet um dann hier f\u00fcr alle zug\u00e4nglich gemacht zu werden. Vielen DANK daf\u00fcr! Und euch viel Spa\u00df beim anschauen.<\/h3>\n\t\t<\/div><\/div><div id=\"pgc-12-0-2\"  class=\"panel-grid-cell panel-grid-cell-empty\" ><\/div><\/div><div id=\"pg-12-1\"  class=\"panel-grid panel-no-style\" ><div id=\"pgc-12-1-0\"  class=\"panel-grid-cell\" ><div id=\"panel-12-1-0-0\" class=\"so-panel widget widget_circleicon-widget panel-first-child panel-last-child\" data-index=\"1\" >\t\t<div class=\"circle-icon-box circle-icon-position-top circle-icon-hide-box circle-icon-size-small \">\n\t\t\t\t\t\t\t<div class=\"circle-icon-wrapper\">\n\t\t\t\t\t\t\t\t\t\t<a href=\"\/?page_id=1156\" class=\"link-icon\" >\t\t\t\t\t<div class=\"circle-icon icon-style-set\" style=\"background-color: #C13B37\">\n\t\t\t\t\t\t\t\t\t\t\t\t\t<div class=\"fa fa-picture-o\" ><\/div>\n\t\t\t\t\t\t\t\t\t\t\t<\/div> \n\t\t\t\t\t<\/a>\t\t\t\t<\/div>\n\t\t\t\n\t\t\t\t\t\t\t<a href=\"\/?page_id=1156\" class=\"link-title\" >\n\t\t\t\t\t\t\t\t\t\t<h4 >\n\t\t\t\t\tPremierenbilder 2018\t\t\t\t<\/h4>\n\t\t\t\t\t\t\t\t\t\t<\/a>\n\t\t\t\n\t\t\t\t\t\t\t<p class=\"text\" >Die Reise ins Licht<\/p>\n\t\t\t\t\t\t\t\t\t\t<a href=\"\/?page_id=1156\" class=\"more-button\" >Zur Galerie <i><\/i><\/a>\n\t\t\t\t\t<\/div>\n\t\t<\/div><\/div><div id=\"pgc-12-1-1\"  class=\"panel-grid-cell\" ><div id=\"panel-12-1-1-0\" class=\"so-panel widget widget_circleicon-widget panel-first-child panel-last-child\" data-index=\"2\" >\t\t<div class=\"circle-icon-box circle-icon-position-top circle-icon-hide-box circle-icon-size-small \">\n\t\t\t\t\t\t\t<div class=\"circle-icon-wrapper\">\n\t\t\t\t\t\t\t\t\t\t<a href=\"\/?page_id=1059\" class=\"link-icon\" >\t\t\t\t\t<div class=\"circle-icon icon-style-set\" style=\"background-color: #C13B37\">\n\t\t\t\t\t\t\t\t\t\t\t\t\t<div class=\"fa fa-picture-o\" ><\/div>\n\t\t\t\t\t\t\t\t\t\t\t<\/div> \n\t\t\t\t\t<\/a>\t\t\t\t<\/div>\n\t\t\t\n\t\t\t\t\t\t\t<a href=\"\/?page_id=1059\" class=\"link-title\" >\n\t\t\t\t\t\t\t\t\t\t<h4 >\n\t\t\t\t\tPremierenbilder 2017\t\t\t\t<\/h4>\n\t\t\t\t\t\t\t\t\t\t<\/a>\n\t\t\t\n\t\t\t\t\t\t\t<p class=\"text\" >Das goldene Licht<\/p>\n\t\t\t\t\t\t\t\t\t\t<a href=\"\/?page_id=1059\" class=\"more-button\" >Zur Galerie <i><\/i><\/a>\n\t\t\t\t\t<\/div>\n\t\t<\/div><\/div><div id=\"pgc-12-1-2\"  class=\"panel-grid-cell\" ><div id=\"panel-12-1-2-0\" class=\"so-panel widget widget_circleicon-widget panel-first-child panel-last-child\" data-index=\"3\" >\t\t<div class=\"circle-icon-box circle-icon-position-top circle-icon-hide-box circle-icon-size-small \">\n\t\t\t\t\t\t\t<div class=\"circle-icon-wrapper\">\n\t\t\t\t\t\t\t\t\t\t<a href=\"\/?page_id=871\" class=\"link-icon\" >\t\t\t\t\t<div class=\"circle-icon icon-style-set\" style=\"background-color: #C13B37\">\n\t\t\t\t\t\t\t\t\t\t\t\t\t<div class=\"fa fa-picture-o\" ><\/div>\n\t\t\t\t\t\t\t\t\t\t\t<\/div> \n\t\t\t\t\t<\/a>\t\t\t\t<\/div>\n\t\t\t\n\t\t\t\t\t\t\t<a href=\"\/?page_id=871\" class=\"link-title\" >\n\t\t\t\t\t\t\t\t\t\t<h4 >\n\t\t\t\t\tPremierenbilder 2016\t\t\t\t<\/h4>\n\t\t\t\t\t\t\t\t\t\t<\/a>\n\t\t\t\n\t\t\t\t\t\t\t<p class=\"text\" >Das magische Caf\u00e9 reloaded<\/p>\n\t\t\t\t\t\t\t\t\t\t<a href=\"\/?page_id=871\" class=\"more-button\" >Zur Galerie <i><\/i><\/a>\n\t\t\t\t\t<\/div>\n\t\t<\/div><\/div><\/div><div id=\"pg-12-2\"  class=\"panel-grid panel-no-style\" ><div id=\"pgc-12-2-0\"  class=\"panel-grid-cell\" ><div id=\"panel-12-2-0-0\" class=\"so-panel widget widget_circleicon-widget panel-first-child panel-last-child\" data-index=\"4\" >\t\t<div class=\"circle-icon-box circle-icon-position-top circle-icon-hide-box circle-icon-size-small \">\n\t\t\t\t\t\t\t<div class=\"circle-icon-wrapper\">\n\t\t\t\t\t\t\t\t\t\t<a href=\"\/?page_id=750\" class=\"link-icon\" >\t\t\t\t\t<div class=\"circle-icon icon-style-set\" style=\"background-color: #C13B37\">\n\t\t\t\t\t\t\t\t\t\t\t\t\t<div class=\"fa fa-picture-o\" ><\/div>\n\t\t\t\t\t\t\t\t\t\t\t<\/div> \n\t\t\t\t\t<\/a>\t\t\t\t<\/div>\n\t\t\t\n\t\t\t\t\t\t\t<a href=\"\/?page_id=750\" class=\"link-title\" >\n\t\t\t\t\t\t\t\t\t\t<h4 >\n\t\t\t\t\tPremierenbilder 2015\t\t\t\t<\/h4>\n\t\t\t\t\t\t\t\t\t\t<\/a>\n\t\t\t\n\t\t\t\t\t\t\t<p class=\"text\" >Und schon ist wieder Silvester<\/p>\n\t\t\t\t\t\t\t\t\t\t<a href=\"\/?page_id=750\" class=\"more-button\" >Zur Galerie <i><\/i><\/a>\n\t\t\t\t\t<\/div>\n\t\t<\/div><\/div><div id=\"pgc-12-2-1\"  class=\"panel-grid-cell\" ><div id=\"panel-12-2-1-0\" class=\"so-panel widget widget_circleicon-widget panel-first-child panel-last-child\" data-index=\"5\" >\t\t<div class=\"circle-icon-box circle-icon-position-top circle-icon-hide-box circle-icon-size-small \">\n\t\t\t\t\t\t\t<div class=\"circle-icon-wrapper\">\n\t\t\t\t\t\t\t\t\t\t<a href=\"\/?page_id=30\" class=\"link-icon\" >\t\t\t\t\t<div class=\"circle-icon icon-style-set\" style=\"background-color: #C13B37\">\n\t\t\t\t\t\t\t\t\t\t\t\t\t<div class=\"fa fa-picture-o\" ><\/div>\n\t\t\t\t\t\t\t\t\t\t\t<\/div> \n\t\t\t\t\t<\/a>\t\t\t\t<\/div>\n\t\t\t\n\t\t\t\t\t\t\t<a href=\"\/?page_id=30\" class=\"link-title\" >\n\t\t\t\t\t\t\t\t\t\t<h4 >\n\t\t\t\t\tPremierenbilder 2014\t\t\t\t<\/h4>\n\t\t\t\t\t\t\t\t\t\t<\/a>\n\t\t\t\n\t\t\t\t\t\t\t<p class=\"text\" >Dornr\u00f6schen in der Umlaufbahn<\/p>\n\t\t\t\t\t\t\t\t\t\t<a href=\"\/?page_id=30\" class=\"more-button\" >Zur Galerie <i><\/i><\/a>\n\t\t\t\t\t<\/div>\n\t\t<\/div><\/div><div id=\"pgc-12-2-2\"  class=\"panel-grid-cell\" ><div id=\"panel-12-2-2-0\" class=\"so-panel widget widget_circleicon-widget panel-first-child panel-last-child\" data-index=\"6\" >\t\t<div class=\"circle-icon-box circle-icon-position-top circle-icon-hide-box circle-icon-size-small \">\n\t\t\t\t\t\t\t<div class=\"circle-icon-wrapper\">\n\t\t\t\t\t\t\t\t\t\t<a href=\"\/?page_id=137\" class=\"link-icon\" >\t\t\t\t\t<div class=\"circle-icon icon-style-set\" style=\"background-color: #C13B37\">\n\t\t\t\t\t\t\t\t\t\t\t\t\t<div class=\"fa fa-picture-o\" ><\/div>\n\t\t\t\t\t\t\t\t\t\t\t<\/div> \n\t\t\t\t\t<\/a>\t\t\t\t<\/div>\n\t\t\t\n\t\t\t\t\t\t\t<a href=\"\/?page_id=137\" class=\"link-title\" >\n\t\t\t\t\t\t\t\t\t\t<h4 >\n\t\t\t\t\tPremierenbilder 2013\t\t\t\t<\/h4>\n\t\t\t\t\t\t\t\t\t\t<\/a>\n\t\t\t\n\t\t\t\t\t\t\t<p class=\"text\" >Die 2. Chance oder Tante Billa greift ein<\/p>\n\t\t\t\t\t\t\t\t\t\t<a href=\"\/?page_id=137\" class=\"more-button\" >Zur Galerie <i><\/i><\/a>\n\t\t\t\t\t<\/div>\n\t\t<\/div><\/div><\/div><div id=\"pg-12-3\"  class=\"panel-grid panel-no-style\" ><div id=\"pgc-12-3-0\"  class=\"panel-grid-cell\" ><div id=\"panel-12-3-0-0\" class=\"so-panel widget widget_circleicon-widget panel-first-child panel-last-child\" data-index=\"7\" >\t\t<div class=\"circle-icon-box circle-icon-position-top circle-icon-hide-box circle-icon-size-small \">\n\t\t\t\t\t\t\t<div class=\"circle-icon-wrapper\">\n\t\t\t\t\t\t\t\t\t\t<a href=\"\/?page_id=142\" class=\"link-icon\" >\t\t\t\t\t<div class=\"circle-icon icon-style-set\" style=\"background-color: #C13B37\">\n\t\t\t\t\t\t\t\t\t\t\t\t\t<div class=\"fa fa-picture-o\" ><\/div>\n\t\t\t\t\t\t\t\t\t\t\t<\/div> \n\t\t\t\t\t<\/a>\t\t\t\t<\/div>\n\t\t\t\n\t\t\t\t\t\t\t<a href=\"\/?page_id=142\" class=\"link-title\" >\n\t\t\t\t\t\t\t\t\t\t<h4 >\n\t\t\t\t\tPremierenbilder 2012\t\t\t\t<\/h4>\n\t\t\t\t\t\t\t\t\t\t<\/a>\n\t\t\t\n\t\t\t\t\t\t\t<p class=\"text\" >Die Puppenspielerin<\/p>\n\t\t\t\t\t\t\t\t\t\t<a href=\"\/?page_id=142\" class=\"more-button\" >Zur Galerie <i><\/i><\/a>\n\t\t\t\t\t<\/div>\n\t\t<\/div><\/div><div id=\"pgc-12-3-1\"  class=\"panel-grid-cell\" ><div id=\"panel-12-3-1-0\" class=\"so-panel widget widget_circleicon-widget panel-first-child panel-last-child\" data-index=\"8\" >\t\t<div class=\"circle-icon-box circle-icon-position-top circle-icon-hide-box circle-icon-size-small \">\n\t\t\t\t\t\t\t<div class=\"circle-icon-wrapper\">\n\t\t\t\t\t\t\t\t\t\t<a href=\"\/?page_id=197\" class=\"link-icon\" >\t\t\t\t\t<div class=\"circle-icon icon-style-set\" style=\"background-color: #C13B37\">\n\t\t\t\t\t\t\t\t\t\t\t\t\t<div class=\"fa fa-picture-o\" ><\/div>\n\t\t\t\t\t\t\t\t\t\t\t<\/div> \n\t\t\t\t\t<\/a>\t\t\t\t<\/div>\n\t\t\t\n\t\t\t\t\t\t\t<a href=\"\/?page_id=197\" class=\"link-title\" >\n\t\t\t\t\t\t\t\t\t\t<h4 >\n\t\t\t\t\tPremierenbilder 2011\t\t\t\t<\/h4>\n\t\t\t\t\t\t\t\t\t\t<\/a>\n\t\t\t\n\t\t\t\t\t\t\t<p class=\"text\" >Den Himmel f\u00fcr Stella<\/p>\n\t\t\t\t\t\t\t\t\t\t<a href=\"\/?page_id=197\" class=\"more-button\" >Zur Galerie <i><\/i><\/a>\n\t\t\t\t\t<\/div>\n\t\t<\/div><\/div><div id=\"pgc-12-3-2\"  class=\"panel-grid-cell\" ><div id=\"panel-12-3-2-0\" class=\"so-panel widget widget_circleicon-widget panel-first-child panel-last-child\" data-index=\"9\" >\t\t<div class=\"circle-icon-box circle-icon-position-top circle-icon-hide-box circle-icon-size-small \">\n\t\t\t\t\t\t\t<div class=\"circle-icon-wrapper\">\n\t\t\t\t\t\t\t\t\t\t<a href=\"\/?page_id=234\" class=\"link-icon\" >\t\t\t\t\t<div class=\"circle-icon icon-style-set\" style=\"background-color: #C13B37\">\n\t\t\t\t\t\t\t\t\t\t\t\t\t<div class=\"fa fa-picture-o\" ><\/div>\n\t\t\t\t\t\t\t\t\t\t\t<\/div> \n\t\t\t\t\t<\/a>\t\t\t\t<\/div>\n\t\t\t\n\t\t\t\t\t\t\t<a href=\"\/?page_id=234\" class=\"link-title\" >\n\t\t\t\t\t\t\t\t\t\t<h4 >\n\t\t\t\t\tPremierenbilder 2010\t\t\t\t<\/h4>\n\t\t\t\t\t\t\t\t\t\t<\/a>\n\t\t\t\n\t\t\t\t\t\t\t<p class=\"text\" >Vollmond<\/p>\n\t\t\t\t\t\t\t\t\t\t<a href=\"\/?page_id=234\" class=\"more-button\" >Zur Galerie <i><\/i><\/a>\n\t\t\t\t\t<\/div>\n\t\t<\/div><\/div><\/div><div id=\"pg-12-4\"  class=\"panel-grid panel-no-style\" ><div id=\"pgc-12-4-0\"  class=\"panel-grid-cell\" ><div id=\"panel-12-4-0-0\" class=\"so-panel widget widget_circleicon-widget panel-first-child panel-last-child\" data-index=\"10\" >\t\t<div class=\"circle-icon-box circle-icon-position-top circle-icon-hide-box circle-icon-size-small \">\n\t\t\t\t\t\t\t<div class=\"circle-icon-wrapper\">\n\t\t\t\t\t\t\t\t\t\t<a href=\"\/?page_id=255\" class=\"link-icon\" >\t\t\t\t\t<div class=\"circle-icon icon-style-set\" style=\"background-color: #C13B37\">\n\t\t\t\t\t\t\t\t\t\t\t\t\t<div class=\"fa fa-picture-o\" ><\/div>\n\t\t\t\t\t\t\t\t\t\t\t<\/div> \n\t\t\t\t\t<\/a>\t\t\t\t<\/div>\n\t\t\t\n\t\t\t\t\t\t\t<a href=\"\/?page_id=255\" class=\"link-title\" >\n\t\t\t\t\t\t\t\t\t\t<h4 >\n\t\t\t\t\tPremierenbilder 2009\t\t\t\t<\/h4>\n\t\t\t\t\t\t\t\t\t\t<\/a>\n\t\t\t\n\t\t\t\t\t\t\t<p class=\"text\" >Volles Haus<\/p>\n\t\t\t\t\t\t\t\t\t\t<a href=\"\/?page_id=255\" class=\"more-button\" >Zur Galerie <i><\/i><\/a>\n\t\t\t\t\t<\/div>\n\t\t<\/div><\/div><div id=\"pgc-12-4-1\"  class=\"panel-grid-cell\" ><div id=\"panel-12-4-1-0\" class=\"so-panel widget widget_circleicon-widget panel-first-child panel-last-child\" data-index=\"11\" >\t\t<div class=\"circle-icon-box circle-icon-position-top circle-icon-hide-box circle-icon-size-small \">\n\t\t\t\t\t\t\t<div class=\"circle-icon-wrapper\">\n\t\t\t\t\t\t\t\t\t\t<a href=\"\/?page_id=531\" class=\"link-icon\" >\t\t\t\t\t<div class=\"circle-icon icon-style-set\" style=\"background-color: #C13B37\">\n\t\t\t\t\t\t\t\t\t\t\t\t\t<div class=\"fa fa-picture-o\" ><\/div>\n\t\t\t\t\t\t\t\t\t\t\t<\/div> \n\t\t\t\t\t<\/a>\t\t\t\t<\/div>\n\t\t\t\n\t\t\t\t\t\t\t<a href=\"\/?page_id=531\" class=\"link-title\" >\n\t\t\t\t\t\t\t\t\t\t<h4 >\n\t\t\t\t\tPremierenbilder 2008\t\t\t\t<\/h4>\n\t\t\t\t\t\t\t\t\t\t<\/a>\n\t\t\t\n\t\t\t\t\t\t\t<p class=\"text\" >Zwei Briefe an Mia<\/p>\n\t\t\t\t\t\t\t\t\t\t<a href=\"\/?page_id=531\" class=\"more-button\" >Zur Galerie <i><\/i><\/a>\n\t\t\t\t\t<\/div>\n\t\t<\/div><\/div><div id=\"pgc-12-4-2\"  class=\"panel-grid-cell\" ><div id=\"panel-12-4-2-0\" class=\"so-panel widget widget_circleicon-widget panel-first-child panel-last-child\" data-index=\"12\" >\t\t<div class=\"circle-icon-box circle-icon-position-top circle-icon-hide-box circle-icon-size-small \">\n\t\t\t\t\t\t\t<div class=\"circle-icon-wrapper\">\n\t\t\t\t\t\t\t\t\t\t<a href=\"\/?page_id=306\" class=\"link-icon\" >\t\t\t\t\t<div class=\"circle-icon icon-style-set\" style=\"background-color: #C13B37\">\n\t\t\t\t\t\t\t\t\t\t\t\t\t<div class=\"fa fa-picture-o\" ><\/div>\n\t\t\t\t\t\t\t\t\t\t\t<\/div> \n\t\t\t\t\t<\/a>\t\t\t\t<\/div>\n\t\t\t\n\t\t\t\t\t\t\t<a href=\"\/?page_id=306\" class=\"link-title\" >\n\t\t\t\t\t\t\t\t\t\t<h4 >\n\t\t\t\t\tPremierenbilder 2007\t\t\t\t<\/h4>\n\t\t\t\t\t\t\t\t\t\t<\/a>\n\t\t\t\n\t\t\t\t\t\t\t<p class=\"text\" >Das magische Caf\u00e9<\/p>\n\t\t\t\t\t\t\t\t\t\t<a href=\"\/?page_id=306\" class=\"more-button\" >Zur Galerie <i><\/i><\/a>\n\t\t\t\t\t<\/div>\n\t\t<\/div><\/div><\/div><div id=\"pg-12-5\"  class=\"panel-grid panel-no-style\" ><div id=\"pgc-12-5-0\"  class=\"panel-grid-cell\" ><div id=\"panel-12-5-0-0\" class=\"so-panel widget widget_circleicon-widget panel-first-child panel-last-child\" data-index=\"13\" >\t\t<div class=\"circle-icon-box circle-icon-position-top circle-icon-hide-box circle-icon-size-small \">\n\t\t\t\t\t\t\t<div class=\"circle-icon-wrapper\">\n\t\t\t\t\t\t\t\t\t\t<a href=\"\/?page_id=346\" class=\"link-icon\" >\t\t\t\t\t<div class=\"circle-icon icon-style-set\" style=\"background-color: #C13B37\">\n\t\t\t\t\t\t\t\t\t\t\t\t\t<div class=\"fa fa-picture-o\" ><\/div>\n\t\t\t\t\t\t\t\t\t\t\t<\/div> \n\t\t\t\t\t<\/a>\t\t\t\t<\/div>\n\t\t\t\n\t\t\t\t\t\t\t<a href=\"\/?page_id=346\" class=\"link-title\" >\n\t\t\t\t\t\t\t\t\t\t<h4 >\n\t\t\t\t\tPremierenbilder 2006\t\t\t\t<\/h4>\n\t\t\t\t\t\t\t\t\t\t<\/a>\n\t\t\t\n\t\t\t\t\t\t\t<p class=\"text\" >Casting<\/p>\n\t\t\t\t\t\t\t\t\t\t<a href=\"\/?page_id=346\" class=\"more-button\" >Zur Galerie <i><\/i><\/a>\n\t\t\t\t\t<\/div>\n\t\t<\/div><\/div><div id=\"pgc-12-5-1\"  class=\"panel-grid-cell\" ><div id=\"panel-12-5-1-0\" class=\"so-panel widget widget_circleicon-widget panel-first-child panel-last-child\" data-index=\"14\" >\t\t<div class=\"circle-icon-box circle-icon-position-top circle-icon-hide-box circle-icon-size-small \">\n\t\t\t\t\t\t\t<div class=\"circle-icon-wrapper\">\n\t\t\t\t\t\t\t\t\t\t<a href=\"\/?page_id=372\" class=\"link-icon\" >\t\t\t\t\t<div class=\"circle-icon icon-style-set\" style=\"background-color: #C13B37\">\n\t\t\t\t\t\t\t\t\t\t\t\t\t<div class=\"fa fa-picture-o\" ><\/div>\n\t\t\t\t\t\t\t\t\t\t\t<\/div> \n\t\t\t\t\t<\/a>\t\t\t\t<\/div>\n\t\t\t\n\t\t\t\t\t\t\t<a href=\"\/?page_id=372\" class=\"link-title\" >\n\t\t\t\t\t\t\t\t\t\t<h4 >\n\t\t\t\t\tPremierenbilder 2005\t\t\t\t<\/h4>\n\t\t\t\t\t\t\t\t\t\t<\/a>\n\t\t\t\n\t\t\t\t\t\t\t<p class=\"text\" >Hand in Hand<\/p>\n\t\t\t\t\t\t\t\t\t\t<a href=\"\/?page_id=372\" class=\"more-button\" >Zur Galerie <i><\/i><\/a>\n\t\t\t\t\t<\/div>\n\t\t<\/div><\/div><div id=\"pgc-12-5-2\"  class=\"panel-grid-cell\" ><div id=\"panel-12-5-2-0\" class=\"so-panel widget widget_circleicon-widget panel-first-child panel-last-child\" data-index=\"15\" >\t\t<div class=\"circle-icon-box circle-icon-position-top circle-icon-hide-box circle-icon-size-small \">\n\t\t\t\t\t\t\t<div class=\"circle-icon-wrapper\">\n\t\t\t\t\t\t\t\t\t\t<a href=\"\/?page_id=445\" class=\"link-icon\" >\t\t\t\t\t<div class=\"circle-icon icon-style-set\" style=\"background-color: #C13B37\">\n\t\t\t\t\t\t\t\t\t\t\t\t\t<div class=\"fa fa-picture-o\" ><\/div>\n\t\t\t\t\t\t\t\t\t\t\t<\/div> \n\t\t\t\t\t<\/a>\t\t\t\t<\/div>\n\t\t\t\n\t\t\t\t\t\t\t<a href=\"\/?page_id=445\" class=\"link-title\" >\n\t\t\t\t\t\t\t\t\t\t<h4 >\n\t\t\t\t\tPremierenbilder 2003\t\t\t\t<\/h4>\n\t\t\t\t\t\t\t\t\t\t<\/a>\n\t\t\t\n\t\t\t\t\t\t\t<p class=\"text\" >Das Liederlied<\/p>\n\t\t\t\t\t\t\t\t\t\t<a href=\"\/?page_id=445\" class=\"more-button\" >Zur Galerie <i><\/i><\/a>\n\t\t\t\t\t<\/div>\n\t\t<\/div><\/div><\/div><div id=\"pg-12-6\"  class=\"panel-grid panel-no-style\" ><div id=\"pgc-12-6-0\"  class=\"panel-grid-cell\" ><div id=\"panel-12-6-0-0\" class=\"so-panel widget widget_headline-widget panel-first-child panel-last-child\" data-index=\"16\" >\t\t<h1>Sonstige Galerien<\/h1>\n\t\t<div class=\"decoration\"><div class=\"decoration-inside\"><\/div><\/div>\n\t\t<h3><\/h3>\n\t\t<\/div><\/div><\/div><div id=\"pg-12-7\"  class=\"panel-grid panel-no-style\" ><div id=\"pgc-12-7-0\"  class=\"panel-grid-cell\" ><div id=\"panel-12-7-0-0\" class=\"so-panel widget widget_circleicon-widget panel-first-child panel-last-child\" data-index=\"17\" >\t\t<div class=\"circle-icon-box circle-icon-position-top circle-icon-hide-box circle-icon-size-small \">\n\t\t\t\t\t\t\t<div class=\"circle-icon-wrapper\">\n\t\t\t\t\t\t\t\t\t\t<a href=\"\/?page_id=451\" class=\"link-icon\" >\t\t\t\t\t<div class=\"circle-icon icon-style-set\" style=\"background-color: #C13B37\">\n\t\t\t\t\t\t\t\t\t\t\t\t\t<div class=\"fa fa-picture-o\" ><\/div>\n\t\t\t\t\t\t\t\t\t\t\t<\/div> \n\t\t\t\t\t<\/a>\t\t\t\t<\/div>\n\t\t\t\n\t\t\t\t\t\t\t<a href=\"\/?page_id=451\" class=\"link-title\" >\n\t\t\t\t\t\t\t\t\t\t<h4 >\n\t\t\t\t\tTheaterworkshop\t\t\t\t<\/h4>\n\t\t\t\t\t\t\t\t\t\t<\/a>\n\t\t\t\n\t\t\t\t\t\t\t<p class=\"text\" >Hier einige Bilder eines Theaterworkshops<\/p>\n\t\t\t\t\t\t\t\t\t\t<a href=\"\/?page_id=451\" class=\"more-button\" >Zur Galerie <i><\/i><\/a>\n\t\t\t\t\t<\/div>\n\t\t<\/div><\/div><div id=\"pgc-12-7-1\"  class=\"panel-grid-cell\" ><div id=\"panel-12-7-1-0\" class=\"so-panel widget widget_circleicon-widget panel-first-child panel-last-child\" data-index=\"18\" >\t\t<div class=\"circle-icon-box circle-icon-position-top circle-icon-hide-box circle-icon-size-small \">\n\t\t\t\t\t\t\t<div class=\"circle-icon-wrapper\">\n\t\t\t\t\t\t\t\t\t\t<a href=\"\/?page_id=484\" class=\"link-icon\" >\t\t\t\t\t<div class=\"circle-icon icon-style-set\" style=\"background-color: #C13B37\">\n\t\t\t\t\t\t\t\t\t\t\t\t\t<div class=\"fa fa-picture-o\" ><\/div>\n\t\t\t\t\t\t\t\t\t\t\t<\/div> \n\t\t\t\t\t<\/a>\t\t\t\t<\/div>\n\t\t\t\n\t\t\t\t\t\t\t<a href=\"\/?page_id=484\" class=\"link-title\" >\n\t\t\t\t\t\t\t\t\t\t<h4 >\n\t\t\t\t\tMaske\t\t\t\t<\/h4>\n\t\t\t\t\t\t\t\t\t\t<\/a>\n\t\t\t\n\t\t\t\t\t\t\t<p class=\"text\" >Hinter der B\u00fchne<\/p>\n\t\t\t\t\t\t\t\t\t\t<a href=\"\/?page_id=484\" class=\"more-button\" >Zur Galerie <i><\/i><\/a>\n\t\t\t\t\t<\/div>\n\t\t<\/div><\/div><div id=\"pgc-12-7-2\"  class=\"panel-grid-cell\" ><div id=\"panel-12-7-2-0\" class=\"so-panel widget widget_circleicon-widget panel-first-child panel-last-child\" data-index=\"19\" >\t\t<div class=\"circle-icon-box circle-icon-position-top circle-icon-hide-box circle-icon-size-small \">\n\t\t\t\t\t\t\t<div class=\"circle-icon-wrapper\">\n\t\t\t\t\t\t\t\t\t\t<a href=\"\/?page_id=490\" class=\"link-icon\" >\t\t\t\t\t<div class=\"circle-icon icon-style-set\" style=\"background-color: #C13B37\">\n\t\t\t\t\t\t\t\t\t\t\t\t\t<div class=\"fa fa-picture-o\" ><\/div>\n\t\t\t\t\t\t\t\t\t\t\t<\/div> \n\t\t\t\t\t<\/a>\t\t\t\t<\/div>\n\t\t\t\n\t\t\t\t\t\t\t<a href=\"\/?page_id=490\" class=\"link-title\" >\n\t\t\t\t\t\t\t\t\t\t<h4 >\n\t\t\t\t\tWeltjugendtag\t\t\t\t<\/h4>\n\t\t\t\t\t\t\t\t\t\t<\/a>\n\t\t\t\n\t\t\t\t\t\t\t<p class=\"text\" >2005<\/p>\n\t\t\t\t\t\t\t\t\t\t<a href=\"\/?page_id=490\" class=\"more-button\" >Zur Galerie <i><\/i><\/a>\n\t\t\t\t\t<\/div>\n\t\t<\/div><\/div><\/div><div id=\"pg-12-8\"  class=\"panel-grid panel-no-style\" ><div id=\"pgc-12-8-0\"  class=\"panel-grid-cell\" ><div id=\"panel-12-8-0-0\" class=\"so-panel widget widget_circleicon-widget panel-first-child panel-last-child\" data-index=\"20\" >\t\t<div class=\"circle-icon-box circle-icon-position-top circle-icon-hide-box circle-icon-size-small \">\n\t\t\t\t\t\t\t<div class=\"circle-icon-wrapper\">\n\t\t\t\t\t\t\t\t\t\t<a href=\"\/?page_id=523\" class=\"link-icon\" >\t\t\t\t\t<div class=\"circle-icon icon-style-set\" style=\"background-color: #C13B37\">\n\t\t\t\t\t\t\t\t\t\t\t\t\t<div class=\"fa fa-picture-o\" ><\/div>\n\t\t\t\t\t\t\t\t\t\t\t<\/div> \n\t\t\t\t\t<\/a>\t\t\t\t<\/div>\n\t\t\t\n\t\t\t\t\t\t\t<a href=\"\/?page_id=523\" class=\"link-title\" >\n\t\t\t\t\t\t\t\t\t\t<h4 >\n\t\t\t\t\tPfarrfest\t\t\t\t<\/h4>\n\t\t\t\t\t\t\t\t\t\t<\/a>\n\t\t\t\n\t\t\t\t\t\t\t<p class=\"text\" >2008<\/p>\n\t\t\t\t\t\t\t\t\t\t<a href=\"\/?page_id=523\" class=\"more-button\" >Zur Galerie <i><\/i><\/a>\n\t\t\t\t\t<\/div>\n\t\t<\/div><\/div><div id=\"pgc-12-8-1\"  class=\"panel-grid-cell panel-grid-cell-empty panel-grid-cell-mobile-last\" ><\/div><div id=\"pgc-12-8-2\"  class=\"panel-grid-cell panel-grid-cell-empty\" ><\/div><\/div><\/div>","protected":false},"excerpt":{"rendered":"<p>Unsere Fotogalerien Nicht nur auf der B\u00fchne gibt es viele engagierte Menschen, auch hinter bzw. vor ihr befinden sich viele von Ihnen. Eine von Ihnen ist Sabine Piel. Ihr gro\u00dfes Hobby ist die Fotografie. Fast alle hier gezeigten Bilder stammen aus Ihrer Kamera, wurden nachtr\u00e4glich von Ihr bearbeitet um dann hier f\u00fcr alle zug\u00e4nglich gemacht [&hellip;]<\/p>\n","protected":false},"author":1,"featured_media":0,"parent":0,"menu_order":0,"comment_status":"closed","ping_status":"open","template":"templates\/template-full-notitle.php","meta":{"footnotes":""},"_links":{"self":[{"href":"https:\/\/chamaeleon-theater-kaarst.de\/index.php?rest_route=\/wp\/v2\/pages\/12"}],"collection":[{"href":"https:\/\/chamaeleon-theater-kaarst.de\/index.php?rest_route=\/wp\/v2\/pages"}],"about":[{"href":"https:\/\/chamaeleon-theater-kaarst.de\/index.php?rest_route=\/wp\/v2\/types\/page"}],"author":[{"embeddable":true,"href":"https:\/\/chamaeleon-theater-kaarst.de\/index.php?rest_route=\/wp\/v2\/users\/1"}],"replies":[{"embeddable":true,"href":"https:\/\/chamaeleon-theater-kaarst.de\/index.php?rest_route=%2Fwp%2Fv2%2Fcomments&post=12"}],"version-history":[{"count":28,"href":"https:\/\/chamaeleon-theater-kaarst.de\/index.php?rest_route=\/wp\/v2\/pages\/12\/revisions"}],"predecessor-version":[{"id":1168,"href":"https:\/\/chamaeleon-theater-kaarst.de\/index.php?rest_route=\/wp\/v2\/pages\/12\/revisions\/1168"}],"wp:attachment":[{"href":"https:\/\/chamaeleon-theater-kaarst.de\/index.php?rest_route=%2Fwp%2Fv2%2Fmedia&parent=12"}],"curies":[{"name":"wp","href":"https:\/\/api.w.org\/{rel}","templated":true}]}}